{"id":6945,"date":"2024-07-17T19:27:53","date_gmt":"2024-07-17T19:27:53","guid":{"rendered":"https:\/\/olympia-griechen-ausstellung.de\/?page_id=6945"},"modified":"2024-12-17T19:45:08","modified_gmt":"2024-12-17T19:45:08","slug":"folie6","status":"publish","type":"page","link":"https:\/\/olympia-griechen-ausstellung.de\/gr_gr\/folie6\/","title":{"rendered":"folie6"},"content":{"rendered":"<div data-elementor-type=\"wp-post\" data-elementor-id=\"6945\" class=\"elementor elementor-6945\" data-elementor-post-type=\"page\">\n\t\t\t\t\t\t<section class=\"elementor-section elementor-top-section elementor-element elementor-element-64c09df0 elementor-section-boxed elementor-section-height-default elementor-section-height-default\" data-id=\"64c09df0\" data-element_type=\"section\" data-settings=\"{&quot;background_background&quot;:&quot;classic&quot;}\">\n\t\t\t\t\t\t<div class=\"elementor-container elementor-column-gap-default\">\n\t\t\t\t\t<div class=\"elementor-column elementor-col-100 elementor-top-column elementor-element elementor-element-7d327df1\" data-id=\"7d327df1\" data-element_type=\"column\">\n\t\t\t<div class=\"elementor-widget-wrap elementor-element-populated\">\n\t\t\t\t\t\t<section class=\"elementor-section elementor-inner-section elementor-element elementor-element-fe3a390 elementor-section-boxed elementor-section-height-default elementor-section-height-default\" data-id=\"fe3a390\" data-element_type=\"section\">\n\t\t\t\t\t\t<div class=\"elementor-container elementor-column-gap-default\">\n\t\t\t\t\t<div class=\"elementor-column elementor-col-100 elementor-inner-column elementor-element elementor-element-0b22c20\" data-id=\"0b22c20\" data-element_type=\"column\">\n\t\t\t<div class=\"elementor-widget-wrap elementor-element-populated\">\n\t\t\t\t\t\t<div class=\"elementor-element elementor-element-f18d327 elementor-widget elementor-widget-heading\" data-id=\"f18d327\" data-element_type=\"widget\" data-widget_type=\"heading.default\">\n\t\t\t\t<div class=\"elementor-widget-container\">\n\t\t\t\t\t<h1 class=\"elementor-heading-title elementor-size-default\">\u03a0\u03c1\u03bf\u03b5\u03c0\u03b9\u03c3\u03ba\u03cc\u03c0\u03b7\u03c3\u03b7<\/h1>\t\t\t\t<\/div>\n\t\t\t\t<\/div>\n\t\t\t\t<div class=\"elementor-element elementor-element-4bb74bd elementor-widget elementor-widget-heading\" data-id=\"4bb74bd\" data-element_type=\"widget\" data-widget_type=\"heading.default\">\n\t\t\t\t<div class=\"elementor-widget-container\">\n\t\t\t\t\t<h2 class=\"elementor-heading-title elementor-size-default\">Rollup 6<\/h2>\t\t\t\t<\/div>\n\t\t\t\t<\/div>\n\t\t\t\t\t<\/div>\n\t\t<\/div>\n\t\t\t\t\t<\/div>\n\t\t<\/section>\n\t\t\t\t\t<\/div>\n\t\t<\/div>\n\t\t\t\t\t<\/div>\n\t\t<\/section>\n\t\t\t\t<section class=\"elementor-section elementor-top-section elementor-element elementor-element-32f3509 elementor-section-boxed elementor-section-height-default elementor-section-height-default\" data-id=\"32f3509\" data-element_type=\"section\" data-settings=\"{&quot;background_background&quot;:&quot;classic&quot;}\">\n\t\t\t\t\t\t<div class=\"elementor-container elementor-column-gap-default\">\n\t\t\t\t\t<div class=\"elementor-column elementor-col-100 elementor-top-column elementor-element elementor-element-8220e0a\" data-id=\"8220e0a\" data-element_type=\"column\">\n\t\t\t<div class=\"elementor-widget-wrap elementor-element-populated\">\n\t\t\t\t\t\t<section class=\"elementor-section elementor-inner-section elementor-element elementor-element-46a1ade elementor-section-boxed elementor-section-height-default elementor-section-height-default\" data-id=\"46a1ade\" data-element_type=\"section\" data-settings=\"{&quot;background_background&quot;:&quot;classic&quot;}\">\n\t\t\t\t\t\t<div class=\"elementor-container elementor-column-gap-default\">\n\t\t\t\t\t<div class=\"elementor-column elementor-col-50 elementor-inner-column elementor-element elementor-element-35f707e\" data-id=\"35f707e\" data-element_type=\"column\" data-settings=\"{&quot;background_background&quot;:&quot;classic&quot;}\">\n\t\t\t<div class=\"elementor-widget-wrap elementor-element-populated\">\n\t\t\t\t\t<div class=\"elementor-background-overlay\"><\/div>\n\t\t\t\t\t\t<div class=\"elementor-element elementor-element-6bd3fe4 elementor-widget elementor-widget-heading\" data-id=\"6bd3fe4\" data-element_type=\"widget\" data-widget_type=\"heading.default\">\n\t\t\t\t<div class=\"elementor-widget-container\">\n\t\t\t\t\t<h3 class=\"elementor-heading-title elementor-size-default\">\u03a4\u03b1 Olympia Werke \u03ba\u03b1\u03b9 \u03bf\u03b9 \u03b1\u03bb\u03bb\u03bf\u03b4\u03b1\u03c0\u03bf\u03af \u03b5\u03c1\u03b3\u03b1\u03b6\u03cc\u03bc\u03b5\u03bd\u03bf\u03b9<\/h3>\t\t\t\t<\/div>\n\t\t\t\t<\/div>\n\t\t\t\t\t<\/div>\n\t\t<\/div>\n\t\t\t\t<div class=\"elementor-column elementor-col-50 elementor-inner-column elementor-element elementor-element-8372da6\" data-id=\"8372da6\" data-element_type=\"column\" data-settings=\"{&quot;background_background&quot;:&quot;classic&quot;}\">\n\t\t\t<div class=\"elementor-widget-wrap elementor-element-populated\">\n\t\t\t\t\t<div class=\"elementor-background-overlay\"><\/div>\n\t\t\t\t\t\t<div class=\"elementor-element elementor-element-ded7a9c elementor-widget__width-initial elementor-invisible elementor-widget elementor-widget-image\" data-id=\"ded7a9c\" data-element_type=\"widget\" data-settings=\"{&quot;_animation&quot;:&quot;fadeIn&quot;,&quot;motion_fx_motion_fx_mouse&quot;:&quot;yes&quot;,&quot;motion_fx_tilt_effect&quot;:&quot;yes&quot;,&quot;motion_fx_tilt_speed&quot;:{&quot;unit&quot;:&quot;px&quot;,&quot;size&quot;:3,&quot;sizes&quot;:[]}}\" data-no-translation=\"\" data-widget_type=\"image.default\">\n\t\t\t\t<div class=\"elementor-widget-container\">\n\t\t\t\t\t<style>.elementor-element-ded7a9c{display:none !important}<\/style>\t\t\t\t<\/div>\n\t\t\t\t<\/div>\n\t\t\t\t<div class=\"elementor-element elementor-element-61ce407 elementor-widget__width-initial elementor-invisible elementor-widget elementor-widget-image\" data-id=\"61ce407\" data-element_type=\"widget\" data-settings=\"{&quot;_animation&quot;:&quot;fadeIn&quot;,&quot;motion_fx_motion_fx_mouse&quot;:&quot;yes&quot;,&quot;motion_fx_tilt_effect&quot;:&quot;yes&quot;,&quot;motion_fx_tilt_speed&quot;:{&quot;unit&quot;:&quot;px&quot;,&quot;size&quot;:3,&quot;sizes&quot;:[]}}\" data-no-translation=\"\" data-widget_type=\"image.default\">\n\t\t\t\t<div class=\"elementor-widget-container\">\n\t\t\t\t\t\t\t\t\t\t\t\t\t\t\t\t<a href=\"https:\/\/olympia-griechen-ausstellung.de\/wp-content\/uploads\/2024\/12\/RollUps_WHV_GR_page-0008-scaled.jpg\" data-elementor-open-lightbox=\"yes\" data-elementor-lightbox-title=\"RollUps_WHV_GR_page-0008\" data-e-action-hash=\"#elementor-action%3Aaction%3Dlightbox%26settings%3DeyJpZCI6Nzg2MSwidXJsIjoiaHR0cHM6XC9cL29seW1waWEtZ3JpZWNoZW4tYXVzc3RlbGx1bmcuZGVcL3dwLWNvbnRlbnRcL3VwbG9hZHNcLzIwMjRcLzEyXC9Sb2xsVXBzX1dIVl9HUl9wYWdlLTAwMDgtc2NhbGVkLmpwZyJ9\">\n\t\t\t\t\t\t\t<img fetchpriority=\"high\" decoding=\"async\" width=\"435\" height=\"1024\" src=\"https:\/\/olympia-griechen-ausstellung.de\/wp-content\/uploads\/2024\/12\/RollUps_WHV_GR_page-0008-435x1024.jpg\" class=\"attachment-large size-large wp-image-7861\" alt=\"\" srcset=\"https:\/\/olympia-griechen-ausstellung.de\/wp-content\/uploads\/2024\/12\/RollUps_WHV_GR_page-0008-435x1024.jpg 435w, https:\/\/olympia-griechen-ausstellung.de\/wp-content\/uploads\/2024\/12\/RollUps_WHV_GR_page-0008-127x300.jpg 127w, https:\/\/olympia-griechen-ausstellung.de\/wp-content\/uploads\/2024\/12\/RollUps_WHV_GR_page-0008-768x1807.jpg 768w, https:\/\/olympia-griechen-ausstellung.de\/wp-content\/uploads\/2024\/12\/RollUps_WHV_GR_page-0008-653x1536.jpg 653w, https:\/\/olympia-griechen-ausstellung.de\/wp-content\/uploads\/2024\/12\/RollUps_WHV_GR_page-0008-870x2048.jpg 870w, https:\/\/olympia-griechen-ausstellung.de\/wp-content\/uploads\/2024\/12\/RollUps_WHV_GR_page-0008-5x12.jpg 5w, https:\/\/olympia-griechen-ausstellung.de\/wp-content\/uploads\/2024\/12\/RollUps_WHV_GR_page-0008-scaled.jpg 1088w\" sizes=\"(max-width: 435px) 100vw, 435px\" \/>\t\t\t\t\t\t\t\t<\/a>\n\t\t\t\t\t\t\t\t\t\t\t\t\t\t\t<\/div>\n\t\t\t\t<\/div>\n\t\t\t\t\t<\/div>\n\t\t<\/div>\n\t\t\t\t\t<\/div>\n\t\t<\/section>\n\t\t\t\t<section class=\"elementor-section elementor-inner-section elementor-element elementor-element-c214e8a elementor-section-boxed elementor-section-height-default elementor-section-height-default\" data-id=\"c214e8a\" data-element_type=\"section\" data-settings=\"{&quot;background_background&quot;:&quot;classic&quot;}\">\n\t\t\t\t\t\t<div class=\"elementor-container elementor-column-gap-default\">\n\t\t\t\t\t<div class=\"elementor-column elementor-col-50 elementor-inner-column elementor-element elementor-element-fd8c41a\" data-id=\"fd8c41a\" data-element_type=\"column\">\n\t\t\t<div class=\"elementor-widget-wrap elementor-element-populated\">\n\t\t\t\t\t\t<div class=\"elementor-element elementor-element-ea11758 elementor-widget elementor-widget-heading\" data-id=\"ea11758\" data-element_type=\"widget\" data-widget_type=\"heading.default\">\n\t\t\t\t<div class=\"elementor-widget-container\">\n\t\t\t\t\t<h3 class=\"elementor-heading-title elementor-size-default\">Olympia \u2013 \u0391\u03bd\u03ac\u03ba\u03b1\u03bc\u03c8\u03b7 \u03b3\u03b9\u03b1 \u03cc\u03bb\u03b7 \u03c4\u03b7\u03bd \u03c0\u03b5\u03c1\u03b9\u03bf\u03c7\u03ae<\/h3>\t\t\t\t<\/div>\n\t\t\t\t<\/div>\n\t\t\t\t<div class=\"elementor-element elementor-element-e549e92 elementor-widget elementor-widget-heading\" data-id=\"e549e92\" data-element_type=\"widget\" data-widget_type=\"heading.default\">\n\t\t\t\t<div class=\"elementor-widget-container\">\n\t\t\t\t\t<span class=\"elementor-heading-title elementor-size-default\">\u03a4\u03b1 \u03b5\u03c1\u03b3\u03bf\u03c3\u03c4\u03ac\u03c3\u03b9\u03b1 \u03b3\u03c1\u03b1\u03c6\u03bf\u03bc\u03b7\u03c7\u03b1\u03bd\u03ce\u03bd Olympia \u03b5\u03be\u03b5\u03bb\u03af\u03c7\u03b8\u03b7\u03ba\u03b1\u03bd \u03c3\u03c4\u03b7 \u03bc\u03b5\u03c4\u03b1\u03c0\u03bf\u03bb\u03b5\u03bc\u03b9\u03ba\u03ae \u03c0\u03b5\u03c1\u03af\u03bf\u03b4\u03bf \u03c3\u03b5 \u00ab\u03c3\u03cd\u03bc\u03b2\u03bf\u03bb\u03bf \u03ba\u03b1\u03b9 \u03c0\u03c1\u03cc\u03c4\u03c5\u03c0\u03bf \u03c4\u03bf\u03c5 \u03b3\u03b5\u03c1\u03bc\u03b1\u03bd\u03b9\u03ba\u03bf\u03cd \u03bf\u03b9\u03ba\u03bf\u03bd\u03bf\u03bc\u03b9\u03ba\u03bf\u03cd \u03b8\u03b1\u03cd\u03bc\u03b1\u03c4\u03bf\u03c2\u00bb \u03ba\u03b1\u03b9 \u03c0\u03bf\u03bb\u03c5\u03b5\u03b8\u03bd\u03b9\u03ba\u03ce\u03bd \u03b5\u03c4\u03b1\u03b9\u03c1\u03b5\u03b9\u03ce\u03bd, \u03ba\u03b1\u03b8\u03ce\u03c2 \u03b7 Olympia \u03bc\u03b5 \u03ad\u03b4\u03c1\u03b1 \u03c4\u03bf Roffhausen \u03b8\u03b5\u03c9\u03c1\u03bf\u03cd\u03bd\u03c4\u03b1\u03bd \u03ae\u03b4\u03b7 \u03c4\u03b7 \u03b4\u03b5\u03ba\u03b1\u03b5\u03c4\u03af\u03b1 \u03c4\u03bf\u03c5 1960 \u03b7\u03b3\u03b5\u03c4\u03b9\u03ba\u03ae \u03c3\u03c4\u03bf\u03bd \u03c4\u03bf\u03bc\u03ad\u03b1 \u03c4\u03c9\u03bd \u03b3\u03c1\u03b1\u03c6\u03bf\u03bc\u03b7\u03c7\u03b1\u03bd\u03ce\u03bd \u03ba\u03b1\u03b9 \u03c5\u03c0\u03bf\u03bb\u03bf\u03b3\u03b9\u03c3\u03c4\u03ce\u03bd \u03c3\u03b5 \u03c0\u03ac\u03bd\u03c9 \u03b1\u03c0\u03cc 140 \u03c7\u03ce\u03c1\u03b5\u03c2.\n<br><br>\n\u0397 \u03c0\u03b5\u03c1\u03b9\u03bf\u03c7\u03ae Wilhelmshaven-Friesland \u03b5\u03c0\u03b5\u03ba\u03c4\u03ac\u03b8\u03b7\u03ba\u03b5 \u03bc\u03b5 \u03c4\u03b1 \u03b5\u03c1\u03b3\u03bf\u03c3\u03c4\u03ac\u03c3\u03b9\u03b1 Olympia \u03ba\u03b1\u03b9 \u03b5\u03be\u03b5\u03bb\u03af\u03c7\u03b8\u03b7\u03ba\u03b5 \u03bc\u03ad\u03c7\u03c1\u03b9 \u03c4\u03bf \u03ba\u03bb\u03b5\u03af\u03c3\u03b9\u03bc\u03bf \u03c4\u03bf\u03c5\u03c2 \u03c4\u03bf 1992 \u03c3\u03b5 \u03ad\u03bd\u03b1\u03bd \u03ba\u03bf\u03c1\u03c5\u03c6\u03b1\u03af\u03bf \u03b2\u03b9\u03bf\u03bc\u03b7\u03c7\u03b1\u03bd\u03b9\u03ba\u03cc \u03ba\u03cc\u03bc\u03b2\u03bf (\u03c0\u03ad\u03c1\u03b1 \u03b1\u03c0\u03cc \u03c4\u03b1 \u03b5\u03c1\u03b3\u03bf\u03c3\u03c4\u03ac\u03c3\u03b9\u03b1 Volkswagen), \u03bc\u03b5 \u03ba\u03bf\u03c1\u03c5\u03c6\u03b1\u03af\u03b1 \u03c3\u03b7\u03bc\u03b5\u03af\u03b1 \u03bd\u03b1 \u03b1\u03c0\u03b1\u03c3\u03c7\u03bf\u03bb\u03b5\u03af \u03ad\u03c9\u03c2 \u03ba\u03b1\u03b9 20.000 \u03b5\u03c1\u03b3\u03b1\u03b6\u03bf\u03bc\u03ad\u03bd\u03bf\u03c5\u03c2. \u03a4\u03b1\u03c5\u03c4\u03cc\u03c7\u03c1\u03bf\u03bd\u03b1, \u03b7 Olympia \u03ba\u03b1\u03b8\u03b9\u03b5\u03c1\u03ce\u03b8\u03b7\u03ba\u03b5 \u03c9\u03c2 \u03c3\u03ae\u03bc\u03b1 \u03c0\u03bf\u03b9\u03cc\u03c4\u03b7\u03c4\u03b1\u03c2 \u03b3\u03b9\u03b1 \u03c4\u03b7\u03bd \u03c0\u03b1\u03c1\u03b1\u03b3\u03c9\u03b3\u03ae \u03b3\u03c1\u03b1\u03c6\u03b5\u03b9\u03b1\u03ba\u03ce\u03bd \u03bc\u03b7\u03c7\u03b1\u03bd\u03ce\u03bd \u03ba\u03b1\u03b9 \u03ad\u03b3\u03b9\u03bd\u03b5 \u03bc\u03b9\u03b1 \u03c5\u03c0\u03b5\u03c1\u03c4\u03bf\u03c0\u03b9\u03ba\u03ae \u03c3\u03b7\u03bc\u03b1\u03af\u03b1 \u03b3\u03b9\u03b1 \u03c4\u03b7 \u03b2\u03b9\u03bf\u03bc\u03b7\u03c7\u03b1\u03bd\u03af\u03b1 \u03c3\u03c4\u03bf\u03bd \u03b2\u03cc\u03c1\u03b5\u03b9\u03bf, \u03bf\u03b9\u03ba\u03bf\u03bd\u03bf\u03bc\u03b9\u03ba\u03ac \u03b1\u03b4\u03cd\u03bd\u03b1\u03bc\u03bf, \u03c4\u03bf\u03bc\u03ad\u03b1 \u03c4\u03b7\u03c2 \u0393\u03b5\u03c1\u03bc\u03b1\u03bd\u03af\u03b1\u03c2. \u0399\u03b4\u03b9\u03b1\u03af\u03c4\u03b5\u03c1\u03b1 \u03b1\u03c0\u03cc \u03c4\u03b1 \u03bc\u03ad\u03c3\u03b1 \u03c4\u03bf\u03c5 20\u03bf\u03cd \u03b1\u03b9\u03ce\u03bd\u03b1, \u03bf \u03bd\u03bf\u03bc\u03cc\u03c2 \u03a6\u03c1\u03af\u03c3\u03bb\u03b1\u03bd\u03c4, \u03c3\u03c4\u03bf\u03bd \u03bf\u03c0\u03bf\u03af\u03bf \u03b1\u03bd\u03ae\u03ba\u03b5\u03b9 \u03c4\u03bf Roffhausen, \u03ba\u03b1\u03b8\u03ce\u03c2 \u03ba\u03b1\u03b9 \u03b7 \u03bc\u03b5\u03c4\u03ad\u03c0\u03b5\u03b9\u03c4\u03b1 \u03c0\u03cc\u03bb\u03b7 Schortens, \u03b7 \u03bf\u03c0\u03bf\u03af\u03b1 \u03b5\u03bd\u03c3\u03c9\u03bc\u03ac\u03c4\u03c9\u03c3\u03b5 \u03c4\u03b7\u03bd \u03c0\u03b5\u03c1\u03b9\u03bf\u03c7\u03ae, \u03c9\u03c6\u03b5\u03bb\u03ae\u03b8\u03b7\u03ba\u03b1\u03bd \u03b1\u03c0\u03cc \u03c4\u03b1 \u03b5\u03c1\u03b3\u03bf\u03c3\u03c4\u03ac\u03c3\u03b9\u03b1 Olympia \u03c9\u03c2 \u03c4\u03bf\u03bd \u03bc\u03b5\u03b3\u03b1\u03bb\u03cd\u03c4\u03b5\u03c1\u03bf \u03b5\u03c1\u03b3\u03bf\u03b4\u03cc\u03c4\u03b7 \u03ba\u03b1\u03b9 \u03c0\u03bb\u03b7\u03c1\u03c9\u03c4\u03ae \u03b4\u03b7\u03bc\u03bf\u03c4\u03b9\u03ba\u03ce\u03bd \u03c6\u03cc\u03c1\u03c9\u03bd \u03c3\u03c4\u03b7\u03bd \u03c0\u03b5\u03c1\u03b9\u03bf\u03c7\u03ae. \u0388\u03c4\u03c3\u03b9, \u03c4\u03b1 \u03ad\u03c3\u03bf\u03b4\u03b1 \u03b1\u03c0\u03cc \u03c6\u03cc\u03c1\u03bf\u03c5\u03c2 \u03b5\u03c0\u03b9\u03c7\u03b5\u03b9\u03c1\u03ae\u03c3\u03b5\u03c9\u03bd \u03c0\u03bf\u03c5 \u03c0\u03bb\u03ae\u03c1\u03c9\u03c3\u03b1\u03bd \u03c4\u03b1 \u03b5\u03c1\u03b3\u03bf\u03c3\u03c4\u03ac\u03c3\u03b9\u03b1 Olympia \u03b1\u03c0\u03cc \u03c4\u03b7 \u03b4\u03b5\u03ba\u03b1\u03b5\u03c4\u03af\u03b1 \u03c4\u03bf\u03c5 1960 \u03b1\u03bd\u03ae\u03bb\u03b8\u03b1\u03bd, \u03ba\u03b1\u03c4\u03ac \u03c4\u03b7\u03bd \u03c0\u03b5\u03c1\u03af\u03bf\u03b4\u03bf \u03b1\u03c0\u03cc 1.10.1968 \u03ad\u03c9\u03c2 30.09.1969, \u03c3\u03b5 \u03c0\u03b5\u03c1\u03af\u03c0\u03bf\u03c5 5,2 \u03b5\u03ba\u03b1\u03c4\u03bf\u03bc\u03bc\u03cd\u03c1\u03b9\u03b1 \u03bc\u03ac\u03c1\u03ba\u03b1.<\/span>\t\t\t\t<\/div>\n\t\t\t\t<\/div>\n\t\t\t\t<div class=\"elementor-element elementor-element-efa7045 elementor-widget elementor-widget-heading\" data-id=\"efa7045\" data-element_type=\"widget\" data-widget_type=\"heading.default\">\n\t\t\t\t<div class=\"elementor-widget-container\">\n\t\t\t\t\t<h3 class=\"elementor-heading-title elementor-size-default\">Olympia \u2013 \u03ad\u03bd\u03b1\u03c2 \u03b5\u03bb\u03ba\u03c5\u03c3\u03c4\u03b9\u03ba\u03cc\u03c2 \u03b5\u03c1\u03b3\u03bf\u03b4\u03cc\u03c4\u03b7\u03c2<\/h3>\t\t\t\t<\/div>\n\t\t\t\t<\/div>\n\t\t\t\t<div class=\"elementor-element elementor-element-044e20a elementor-widget elementor-widget-heading\" data-id=\"044e20a\" data-element_type=\"widget\" data-widget_type=\"heading.default\">\n\t\t\t\t<div class=\"elementor-widget-container\">\n\t\t\t\t\t<span class=\"elementor-heading-title elementor-size-default\">\u03a4\u03b1 \u03b5\u03c1\u03b3\u03bf\u03c3\u03c4\u03ac\u03c3\u03b9\u03b1 Olympia \u03b5\u03c0\u03b5\u03ba\u03c4\u03ac\u03b8\u03b7\u03ba\u03b1\u03bd \u03c0\u03b5\u03c1\u03b1\u03b9\u03c4\u03ad\u03c1\u03c9. \u0386\u03bd\u03bf\u03b9\u03be\u03b1\u03bd \u03bd\u03ad\u03b5\u03c2 \u03b8\u03c5\u03b3\u03b1\u03c4\u03c1\u03b9\u03ba\u03ad\u03c2 \u03c3\u03b5 \u03cc\u03bb\u03b7 \u03c4\u03b7 \u0393\u03b5\u03c1\u03bc\u03b1\u03bd\u03af\u03b1 \u03ba\u03b1\u03b9 \u03c0\u03b1\u03b3\u03ba\u03bf\u03c3\u03bc\u03af\u03c9\u03c2. \u0394\u03b7\u03bc\u03b9\u03bf\u03c5\u03c1\u03b3\u03ae\u03b8\u03b7\u03ba\u03b5 \u03ad\u03bd\u03b1 \u03c5\u03c0\u03bf\u03ba\u03b1\u03c4\u03ac\u03c3\u03c4\u03b7\u03bc\u03b1 \u03c3\u03c4\u03bf Leer \u03bc\u03b5 2.500 \u03b5\u03c1\u03b3\u03b1\u03b6\u03bf\u03bc\u03ad\u03bd\u03bf\u03c5\u03c2 \u03ba\u03b1\u03b9 \u03ac\u03bb\u03bb\u03b5\u03c2 \u03b5\u03b3\u03ba\u03b1\u03c4\u03b1\u03c3\u03c4\u03ac\u03c3\u03b5\u03b9\u03c2, \u03b5\u03c0\u03af\u03c3\u03b7\u03c2 \u03c3\u03c4\u03b7 \u0393\u03b5\u03c1\u03bc\u03b1\u03bd\u03af\u03b1, \u03c9\u03c2 \u00ab\u03b5\u03be\u03c9\u03c4\u03b5\u03c1\u03b9\u03ba\u03ad\u03c2 \u03b8\u03ad\u03c3\u03b5\u03b9\u03c2 \u03b5\u03c1\u03b3\u03b1\u03c3\u03af\u03b1\u03c2\u00bb \u2013 \u03ad\u03c4\u03c3\u03b9, \u03b7 \u03b5\u03c1\u03b3\u03b1\u03c3\u03af\u03b1 \u03bc\u03b5\u03c4\u03b1\u03c6\u03b5\u03c1\u03cc\u03c4\u03b1\u03bd \u03ba\u03bf\u03bd\u03c4\u03ac \u03c3\u03c4\u03bf\u03c5\u03c2 \u03b5\u03c1\u03b3\u03b1\u03b6\u03bf\u03bc\u03ad\u03bd\u03bf\u03c5\u03c2. \u03a3\u03c4\u03b7 \u03b4\u03b9\u03b1\u03b4\u03b9\u03ba\u03b1\u03c3\u03af\u03b1 \u03b1\u03c5\u03c4\u03ae, \u03c0\u03c1\u03bf\u03c3\u03b5\u03bb\u03ba\u03cd\u03c3\u03c4\u03b7\u03ba\u03b1\u03bd \u03b5\u03be\u03b5\u03b9\u03b4\u03b9\u03ba\u03b5\u03c5\u03bc\u03ad\u03bd\u03bf\u03b9 \u03b5\u03c1\u03b3\u03b1\u03b6\u03cc\u03bc\u03b5\u03bd\u03bf\u03b9, \u03bc\u03b5\u03c1\u03b9\u03ba\u03bf\u03af \u03b1\u03c0\u03cc \u03c4\u03bf\u03c5\u03c2 \u03bf\u03c0\u03bf\u03af\u03bf\u03c5\u03c2, \u03ba\u03b1\u03c4\u03ac \u03c4\u03b1 \u03c0\u03c1\u03ce\u03c4\u03b1 \u03c7\u03c1\u03cc\u03bd\u03b9\u03b1, \u03b5\u03c1\u03b3\u03ac\u03c3\u03c4\u03b7\u03ba\u03b1\u03bd \u03bc\u03b5 \u03ba\u03b1\u03b9\u03bd\u03bf\u03c4\u03cc\u03bc\u03bf\u03c5\u03c2 \u03c4\u03c1\u03cc\u03c0\u03bf\u03c5\u03c2 \u03c3\u03c4\u03b9\u03c2 \u03bd\u03ad\u03b5\u03c2 \u03c0\u03b1\u03b3\u03ba\u03cc\u03c3\u03bc\u03b9\u03b5\u03c2 \u03b4\u03bf\u03bc\u03ad\u03c2 \u03b4\u03b9\u03b1\u03bd\u03bf\u03bc\u03ae\u03c2.\n<br><br>\n\u00ab\u0389\u03c4\u03b1\u03bd \u03bc\u03b9\u03b1 \u03b4\u03b9\u03ac\u03ba\u03c1\u03b9\u03c3\u03b7 \u03bd\u03b1 \u03b1\u03bd\u03ae\u03ba\u03b5\u03b9\u03c2 \u03c3\u03c4\u03b7\u03bd \u00ab\u03bf\u03b9\u03ba\u03bf\u03b3\u03ad\u03bd\u03b5\u03b9\u03b1 Olympia\u00bb \u03ba\u03b1\u03b9 \u03bd\u03b1 \u03b5\u03c1\u03b3\u03ac\u03b6\u03b5\u03c3\u03b1\u03b9 \u03c3\u03b5 \u03bc\u03b9\u03b1 \u03b5\u03c4\u03b1\u03b9\u03c1\u03b5\u03af\u03b1 \u03c0\u03bf\u03c5 \u03b5\u03af\u03c7\u03b5 \u03b1\u03c0\u03bf\u03ba\u03c4\u03ae\u03c3\u03b5\u03b9 \u03b4\u03b9\u03b5\u03b8\u03bd\u03ae \u03c6\u03ae\u03bc\u03b7 \u03c3\u03c4\u03bf\u03bd \u03c4\u03bf\u03bc\u03ad\u03b1 \u03c4\u03c9\u03bd \u03b3\u03c1\u03b1\u03c6\u03b5\u03b9\u03b1\u03ba\u03ce\u03bd \u03bc\u03b7\u03c7\u03b1\u03bd\u03ce\u03bd. \u039f\u03b9 \u00abOlympianer\u00bb \u03cc\u03bc\u03c9\u03c2 \u03ad\u03c0\u03c1\u03b5\u03c0\u03b5 \u03ba\u03c5\u03c1\u03af\u03c9\u03c2 \u03bd\u03b1 \u03b5\u03af\u03bd\u03b1\u03b9 \u03c0\u03b5\u03c1\u03ae\u03c6\u03b1\u03bd\u03bf\u03b9 \u03b3\u03b9\u03b1 \u03c4\u03bf\u03bd \u03b5\u03b1\u03c5\u03c4\u03cc \u03c4\u03bf\u03c5\u03c2. \u039c\u03b5\u03c4\u03ac \u03c4\u03b9\u03c2 \u03b1\u03bd\u03b1\u03c4\u03b1\u03c1\u03b1\u03c7\u03ad\u03c2 \u03c4\u03bf\u03c5 \u03c0\u03bf\u03bb\u03ad\u03bc\u03bf\u03c5, \u03ba\u03c5\u03c1\u03af\u03c9\u03c2 \u03bf\u03b9 \u03b5\u03ba\u03c4\u03bf\u03c0\u03b9\u03c3\u03bc\u03ad\u03bd\u03bf\u03b9 \u03ba\u03b1\u03b9 \u03bf\u03b9 \u03ac\u03bd\u03b5\u03c1\u03b3\u03bf\u03b9 \u03bd\u03b1\u03c5\u03c0\u03b7\u03b3\u03bf\u03af \u03b4\u03b7\u03bc\u03b9\u03bf\u03cd\u03c1\u03b3\u03b7\u03c3\u03b1\u03bd \u03b1\u03c0\u03cc \u03c4\u03bf \u03c4\u03af\u03c0\u03bf\u03c4\u03b1, \u03c3\u03c4\u03b9\u03c2 \u03b1\u03af\u03b8\u03bf\u03c5\u03c3\u03b5\u03c2 \u03c4\u03bf\u03c5 \u03c0\u03c1\u03ce\u03b7\u03bd \u03c3\u03c4\u03c1\u03b1\u03c4\u03b9\u03c9\u03c4\u03b9\u03ba\u03bf\u03cd \u03b1\u03c0\u03bf\u03b8\u03b7\u03ba\u03b5\u03c5\u03c4\u03b9\u03ba\u03bf\u03cd \u03c7\u03ce\u03c1\u03bf\u03c5 \u03c3\u03c4\u03bf Roffhausen, \u03ba\u03bf\u03bd\u03c4\u03ac \u03c3\u03c4\u03bf Wilhelmshaven, \u03ad\u03bd\u03b1 \u03b5\u03c1\u03b3\u03bf\u03c3\u03c4\u03ac\u03c3\u03b9\u03bf \u03c0\u03bf\u03c5 \u03c4\u03bf\u03c5\u03c2 \u03b5\u03be\u03b1\u03c3\u03c6\u03ac\u03bb\u03b9\u03c3\u03b5 \u03c4\u03cc\u03c4\u03b5 \u03ad\u03bd\u03b1 \u03b2\u03b9\u03ce\u03c3\u03b9\u03bc\u03bf \u03bc\u03ad\u03bb\u03bb\u03bf\u03bd.\u00bb\n<br><br>\n<b>Holger Ansmann, \u03c0\u03c1\u03ce\u03b7\u03bd \u03c0\u03c1\u03cc\u03b5\u03b4\u03c1\u03bf\u03c2 \u03c4\u03bf\u03c5 \u03c3\u03c5\u03bc\u03b2\u03bf\u03c5\u03bb\u03af\u03bf\u03c5 \u03b5\u03c1\u03b3\u03b1\u03b6\u03bf\u03bc\u03ad\u03bd\u03c9\u03bd \u03c4\u03b7\u03c2 Olympia, 1991.<\/b><\/span>\t\t\t\t<\/div>\n\t\t\t\t<\/div>\n\t\t\t\t\t<\/div>\n\t\t<\/div>\n\t\t\t\t<div class=\"elementor-column elementor-col-50 elementor-inner-column elementor-element elementor-element-93225f0\" data-id=\"93225f0\" data-element_type=\"column\">\n\t\t\t<div class=\"elementor-widget-wrap elementor-element-populated\">\n\t\t\t\t\t\t<div class=\"elementor-element elementor-element-f50fdea elementor-widget elementor-widget-image\" data-id=\"f50fdea\" data-element_type=\"widget\" data-widget_type=\"image.default\">\n\t\t\t\t<div class=\"elementor-widget-container\">\n\t\t\t\t\t\t\t\t\t\t\t\t<figure class=\"wp-caption\">\n\t\t\t\t\t\t\t\t\t\t<img decoding=\"async\" width=\"760\" height=\"1024\" src=\"https:\/\/olympia-griechen-ausstellung.de\/wp-content\/uploads\/2024\/07\/Unbenannt-760x1024.jpg\" class=\"attachment-large size-large wp-image-6947\" alt=\"\" srcset=\"https:\/\/olympia-griechen-ausstellung.de\/wp-content\/uploads\/2024\/07\/Unbenannt-760x1024.jpg 760w, https:\/\/olympia-griechen-ausstellung.de\/wp-content\/uploads\/2024\/07\/Unbenannt-223x300.jpg 223w, https:\/\/olympia-griechen-ausstellung.de\/wp-content\/uploads\/2024\/07\/Unbenannt-768x1035.jpg 768w, https:\/\/olympia-griechen-ausstellung.de\/wp-content\/uploads\/2024\/07\/Unbenannt-1140x1536.jpg 1140w, https:\/\/olympia-griechen-ausstellung.de\/wp-content\/uploads\/2024\/07\/Unbenannt-1520x2048.jpg 1520w, https:\/\/olympia-griechen-ausstellung.de\/wp-content\/uploads\/2024\/07\/Unbenannt-scaled.jpg 1900w\" sizes=\"(max-width: 760px) 100vw, 760px\" \/>\t\t\t\t\t\t\t\t\t\t\t<figcaption class=\"widget-image-caption wp-caption-text\">\u0391\u03ba\u03c4\u03af\u03bd\u03b1 \u03c4\u03b7\u03c2 \u03c0\u03b5\u03c1\u03b9\u03bf\u03c7\u03ae\u03c2 \u03c0\u03c1\u03bf\u03c3\u03ad\u03bb\u03ba\u03c5\u03c3\u03b7\u03c2 \u03c4\u03c9\u03bd \u03b5\u03c1\u03b3\u03b1\u03b6\u03bf\u03bc\u03ad\u03bd\u03c9\u03bd \u03c4\u03b7\u03c2 Olympia \u03ba\u03b1\u03b9 \u03c4\u03c9\u03bd \u03c4\u03cc\u03c0\u03c9\u03bd \u03ba\u03b1\u03c4\u03bf\u03b9\u03ba\u03af\u03b1\u03c2 \u03c4\u03bf\u03c5\u03c2, 1954 \u00a9 \u039c\u03bf\u03c5\u03c3\u03b5\u03af\u03bf Olympia\/\u03a3\u03cd\u03bb\u03bb\u03bf\u03b3\u03bf\u03c2 \u03a0\u03b1\u03c4\u03c1\u03af\u03b4\u03b1\u03c2 Schortens \u03b1\u03c0\u03cc \u03c4\u03bf 1929 e.V. (\u03a0\u03cc\u03bb\u03b7 Schortens)<\/figcaption>\n\t\t\t\t\t\t\t\t\t\t<\/figure>\n\t\t\t\t\t\t\t\t\t<\/div>\n\t\t\t\t<\/div>\n\t\t\t\t\t<\/div>\n\t\t<\/div>\n\t\t\t\t\t<\/div>\n\t\t<\/section>\n\t\t\t\t\t<\/div>\n\t\t<\/div>\n\t\t\t\t\t<\/div>\n\t\t<\/section>\n\t\t\t\t<\/div>","protected":false},"excerpt":{"rendered":"<p>Preview Rollup 6 Die Olympia Werke und die ausl\u00e4ndischen Arbeitskr\u00e4fte Olympia &#8211; Aufschwung f\u00fcr die ganze Region Die Olympia-B\u00fcromaschinenwerke entwickelten sich in der Nachkriegszeit zum \u201eSinnbild und Musterbeispiel des deutschen Wirtschaftswunders\u201c und multinationalen Unternehmen, denn Olympia mit Stammsitz in Roffhausen galt bereits in den 1960er Jahren in \u00fcber 140 L\u00e4ndern als f\u00fchrend auf dem Markt [&hellip;]<\/p>","protected":false},"author":1,"featured_media":0,"parent":0,"menu_order":0,"comment_status":"closed","ping_status":"closed","template":"","meta":{"footnotes":""},"class_list":["post-6945","page","type-page","status-publish","hentry"],"_links":{"self":[{"href":"https:\/\/olympia-griechen-ausstellung.de\/gr_gr\/wp-json\/wp\/v2\/pages\/6945","targetHints":{"allow":["GET"]}}],"collection":[{"href":"https:\/\/olympia-griechen-ausstellung.de\/gr_gr\/wp-json\/wp\/v2\/pages"}],"about":[{"href":"https:\/\/olympia-griechen-ausstellung.de\/gr_gr\/wp-json\/wp\/v2\/types\/page"}],"author":[{"embeddable":true,"href":"https:\/\/olympia-griechen-ausstellung.de\/gr_gr\/wp-json\/wp\/v2\/users\/1"}],"replies":[{"embeddable":true,"href":"https:\/\/olympia-griechen-ausstellung.de\/gr_gr\/wp-json\/wp\/v2\/comments?post=6945"}],"version-history":[{"count":25,"href":"https:\/\/olympia-griechen-ausstellung.de\/gr_gr\/wp-json\/wp\/v2\/pages\/6945\/revisions"}],"predecessor-version":[{"id":7993,"href":"https:\/\/olympia-griechen-ausstellung.de\/gr_gr\/wp-json\/wp\/v2\/pages\/6945\/revisions\/7993"}],"wp:attachment":[{"href":"https:\/\/olympia-griechen-ausstellung.de\/gr_gr\/wp-json\/wp\/v2\/media?parent=6945"}],"curies":[{"name":"wp","href":"https:\/\/api.w.org\/{rel}","templated":true}]}}